{"id":45,"date":"2011-03-10T20:48:39","date_gmt":"2011-03-10T19:48:39","guid":{"rendered":"http:\/\/www.gsv-zwickau.de\/SVM\/?page_id=45"},"modified":"2018-04-23T10:46:51","modified_gmt":"2018-04-23T08:46:51","slug":"geschichte","status":"publish","type":"page","link":"https:\/\/www.sv-motor-zeitz-volleyball.de\/?page_id=45","title":{"rendered":"Geschichte"},"content":{"rendered":"<p style=\"text-align: justify;\">Als im Oktober 1948 die Sportbewegung wieder ins Leben gerufen wurde, regten sich auch Kr\u00e4fte im SAG &#8211; Betrieb ZEMAG, um eine Sportgemeinschaft zu gr\u00fcnden. Es waren ca. 100 Kollegen, die sich f\u00fcr den Sport entschlossen hatten, und so kam es am 24. Mai 1949 zur Gr\u00fcndung der Betriebssportgemeinschaft ZEMAG &#8211; BSG ZEMAG. Es wurden zun\u00e4chst die Sektionen Fu\u00dfball, Handball, Kegeln und Motorsport gegr\u00fcndet. Erst sp\u00e4ter kamen die Sektionen Kanu, Tischtennis, Volleyball und Ger\u00e4teturnen hinzu. Schon 1952 gab es bereits zehn Sektionen mit insgesamt 250 Mitgliedern. Zu Spitzenzeiten z\u00e4hlte man an die 15 Sektionen und die H\u00f6chstmitgliederzahl belief sich damals auf stolze 764 Mitglieder. Bis 1989 waren es nur noch 11 und 1999 sind es gerade noch 6 Sektionen\/Abteilungen, wo regelm\u00e4\u00dfig Sport getrieben wird.<\/p>\n<p style=\"text-align: justify;\"><strong>Wir \u00fcber uns<\/strong><\/p>\n<p style=\"text-align: justify;\">Kurz und knapp gesagt gibt es die Sektion Volleyball seit ungef\u00e4hr 1953, das las ich k\u00fcrzlich in einer alten Betriebszeitung aus dem Jahr 1953. Dort wurde erstmals \u00fcber ein Turnier mit internationaler Beteiligung geschrieben. Jetzt besteht der Verein Volleyball aus 4 Herren -und 2 Damenmannschaften die sich in der Stadtliga und nun im zweiten Jahr auch wieder in der Landesklasse und Landesoberliga profilieren m\u00fcssen. Ein hartes St\u00fcck arbeit haben wir da wieder alle vor uns.<\/p>\n<p style=\"text-align: justify;\"><img loading=\"lazy\" decoding=\"async\" class=\"alignnone size-full wp-image-143\" title=\"mitglieder_foto\" src=\"https:\/\/www.sv-motor-zeitz-volleyball.de\/wp-content\/uploads\/2011\/03\/mitglieder_foto.jpg\" alt=\"\" width=\"600\" height=\"313\" \/><\/p>\n","protected":false},"excerpt":{"rendered":"<p>Als im Oktober 1948 die Sportbewegung wieder ins Leben gerufen wurde, regten sich auch Kr\u00e4fte im SAG &#8211; Betrieb ZEMAG, um eine Sportgemeinschaft zu gr\u00fcnden. Es waren ca. 100 Kollegen, die sich f\u00fcr den Sport entschlossen hatten, und so kam es am 24. Mai 1949 zur Gr\u00fcndung der Betriebssportgemeinschaft ZEMAG &#8211; BSG ZEMAG. Es wurden [&hellip;]<\/p>\n","protected":false},"author":2,"featured_media":0,"parent":0,"menu_order":4,"comment_status":"closed","ping_status":"closed","template":"","meta":{"footnotes":""},"_links":{"self":[{"href":"https:\/\/www.sv-motor-zeitz-volleyball.de\/index.php?rest_route=\/wp\/v2\/pages\/45"}],"collection":[{"href":"https:\/\/www.sv-motor-zeitz-volleyball.de\/index.php?rest_route=\/wp\/v2\/pages"}],"about":[{"href":"https:\/\/www.sv-motor-zeitz-volleyball.de\/index.php?rest_route=\/wp\/v2\/types\/page"}],"author":[{"embeddable":true,"href":"https:\/\/www.sv-motor-zeitz-volleyball.de\/index.php?rest_route=\/wp\/v2\/users\/2"}],"replies":[{"embeddable":true,"href":"https:\/\/www.sv-motor-zeitz-volleyball.de\/index.php?rest_route=%2Fwp%2Fv2%2Fcomments&post=45"}],"version-history":[{"count":3,"href":"https:\/\/www.sv-motor-zeitz-volleyball.de\/index.php?rest_route=\/wp\/v2\/pages\/45\/revisions"}],"predecessor-version":[{"id":964,"href":"https:\/\/www.sv-motor-zeitz-volleyball.de\/index.php?rest_route=\/wp\/v2\/pages\/45\/revisions\/964"}],"wp:attachment":[{"href":"https:\/\/www.sv-motor-zeitz-volleyball.de\/index.php?rest_route=%2Fwp%2Fv2%2Fmedia&parent=45"}],"curies":[{"name":"wp","href":"https:\/\/api.w.org\/{rel}","templated":true}]}}