{"id":62,"date":"2011-03-10T21:02:45","date_gmt":"2011-03-10T20:02:45","guid":{"rendered":"http:\/\/www.gsv-zwickau.de\/SVM\/?page_id=62"},"modified":"2018-11-09T19:29:10","modified_gmt":"2018-11-09T17:29:10","slug":"impressum","status":"publish","type":"page","link":"https:\/\/www.sv-motor-zeitz-volleyball.de\/?page_id=62","title":{"rendered":"Impressum"},"content":{"rendered":"<p style=\"text-align: left;\"><strong>Betreiber der Webseite :<\/strong><br \/>\nSV Motor Zeitz e.V. Abteilung Volleyball<\/p>\n<p><strong>E-Mail :<\/strong><br \/>\n<a href=\"mailto:robert_girke@gmx.de\">Robert Girke<\/a><\/p>\n<p><strong>Haftungsausschluss :<\/strong><br \/>\nF\u00fcr den Inhalt unserer Website stehen mir nat\u00fcrlich verschieden Helfer aus den einzelnen Abteilungen des Vereins zur Seite. Sie sorgen f\u00fcr Bilder und Berichte aus dem Vereinsleben und dem ganzen Trubel drum herum. Es kann durch aus vorkommen, das ein Link nicht funktioniert oder eine Seite einfach nicht so dargestellt werden kann, das es f\u00fcr jedermann lesbar ist. Ich werde dann versuchen dies so schnell wie m\u00f6glich zu beheben. Diese Website verfolgt keine kommerziellen Zwecke. Sie dient lediglich zur Information und Kontaktaufnahme mit dem Volleyballverein &#8222;SV Motor Zeitz&#8220;.<\/p>\n","protected":false},"excerpt":{"rendered":"<p>Betreiber der Webseite : SV Motor Zeitz e.V. Abteilung Volleyball E-Mail : Robert Girke Haftungsausschluss : F\u00fcr den Inhalt unserer Website stehen mir nat\u00fcrlich verschieden Helfer aus den einzelnen Abteilungen des Vereins zur Seite. Sie sorgen f\u00fcr Bilder und Berichte aus dem Vereinsleben und dem ganzen Trubel drum herum. Es kann durch aus vorkommen, das [&hellip;]<\/p>\n","protected":false},"author":2,"featured_media":0,"parent":0,"menu_order":7,"comment_status":"closed","ping_status":"closed","template":"","meta":{"footnotes":""},"_links":{"self":[{"href":"https:\/\/www.sv-motor-zeitz-volleyball.de\/index.php?rest_route=\/wp\/v2\/pages\/62"}],"collection":[{"href":"https:\/\/www.sv-motor-zeitz-volleyball.de\/index.php?rest_route=\/wp\/v2\/pages"}],"about":[{"href":"https:\/\/www.sv-motor-zeitz-volleyball.de\/index.php?rest_route=\/wp\/v2\/types\/page"}],"author":[{"embeddable":true,"href":"https:\/\/www.sv-motor-zeitz-volleyball.de\/index.php?rest_route=\/wp\/v2\/users\/2"}],"replies":[{"embeddable":true,"href":"https:\/\/www.sv-motor-zeitz-volleyball.de\/index.php?rest_route=%2Fwp%2Fv2%2Fcomments&post=62"}],"version-history":[{"count":7,"href":"https:\/\/www.sv-motor-zeitz-volleyball.de\/index.php?rest_route=\/wp\/v2\/pages\/62\/revisions"}],"predecessor-version":[{"id":1106,"href":"https:\/\/www.sv-motor-zeitz-volleyball.de\/index.php?rest_route=\/wp\/v2\/pages\/62\/revisions\/1106"}],"wp:attachment":[{"href":"https:\/\/www.sv-motor-zeitz-volleyball.de\/index.php?rest_route=%2Fwp%2Fv2%2Fmedia&parent=62"}],"curies":[{"name":"wp","href":"https:\/\/api.w.org\/{rel}","templated":true}]}}