{"id":82,"date":"2011-03-12T23:11:10","date_gmt":"2011-03-12T22:11:10","guid":{"rendered":"http:\/\/www.gsv-zwickau.de\/SVM\/?page_id=82"},"modified":"2018-04-23T10:52:06","modified_gmt":"2018-04-23T08:52:06","slug":"sporthallen","status":"publish","type":"page","link":"https:\/\/www.sv-motor-zeitz-volleyball.de\/?page_id=82","title":{"rendered":"Trainingszeiten | Sporthallen"},"content":{"rendered":"<p><strong>Sporthalle &#8211; Berufsschule Zeitz<\/strong><\/p>\n<p><img loading=\"lazy\" decoding=\"async\" class=\"alignnone size-full wp-image-333\" title=\"sporthalle_berufsschule\" src=\"https:\/\/www.sv-motor-zeitz-volleyball.de\/wp-content\/uploads\/2011\/03\/sporthalle_berufsschule.jpg\" alt=\"\" width=\"375\" height=\"250\" \/> <iframe loading=\"lazy\" src=\"http:\/\/maps.google.de\/maps?f=q&amp;source=s_q&amp;hl=de&amp;geocode=&amp;q=Berufsschule+Zeitz&amp;aq=&amp;sll=51.151786,10.415039&amp;sspn=15.650132,40.869141&amp;vpsrc=6&amp;ie=UTF8&amp;hq=Berufsschule+Zeitz&amp;hnear=&amp;t=m&amp;ll=51.058336,12.124486&amp;spn=0.006743,0.012875&amp;z=15&amp;output=embed\" width=\"250\" height=\"250\" frameborder=\"0\" marginwidth=\"0\" marginheight=\"0\" scrolling=\"no\"><\/iframe><br \/>\n<small><a style=\"color: #0000ff; text-align: left;\" href=\"http:\/\/maps.google.de\/maps?f=q&amp;source=embed&amp;hl=de&amp;geocode=&amp;q=Berufsschule+Zeitz&amp;aq=&amp;sll=51.151786,10.415039&amp;sspn=15.650132,40.869141&amp;vpsrc=6&amp;ie=UTF8&amp;hq=Berufsschule+Zeitz&amp;hnear=&amp;t=m&amp;ll=51.058336,12.124486&amp;spn=0.006743,0.012875&amp;z=15\">Gr\u00f6\u00dfere Kartenansicht<\/a><\/small><\/p>\n<p>&nbsp;<\/p>\n<p><strong>Sporthalle &#8211; Platz der Deutschen Einheit<\/strong><\/p>\n<p><a href=\"https:\/\/www.sv-motor-zeitz-volleyball.de\/wp-content\/uploads\/2011\/03\/sporthalle_p_deu_einheit.jpg\"><img loading=\"lazy\" decoding=\"async\" class=\"alignnone wp-image-334 size-full\" title=\"sporthalle_p_deu_einheit\" src=\"https:\/\/www.sv-motor-zeitz-volleyball.de\/wp-content\/uploads\/2011\/03\/sporthalle_p_deu_einheit.jpg\" alt=\"\" width=\"400\" height=\"250\" srcset=\"https:\/\/www.sv-motor-zeitz-volleyball.de\/wp-content\/uploads\/2011\/03\/sporthalle_p_deu_einheit.jpg 400w, https:\/\/www.sv-motor-zeitz-volleyball.de\/wp-content\/uploads\/2011\/03\/sporthalle_p_deu_einheit-300x187.jpg 300w\" sizes=\"(max-width: 400px) 100vw, 400px\" \/> <\/a><iframe loading=\"lazy\" src=\"http:\/\/maps.google.de\/maps?f=q&amp;source=s_q&amp;hl=de&amp;geocode=&amp;q=Platz+der+Deutschen+Einheit,+Zeitz&amp;aq=0&amp;sll=51.056165,12.127748&amp;sspn=0.007324,0.026844&amp;vpsrc=0&amp;ie=UTF8&amp;hq=&amp;hnear=Platz+der+Deutschen+Einheit,+06712+Zeitz&amp;t=m&amp;ll=51.043984,12.156029&amp;spn=0.013491,0.021458&amp;z=14&amp;iwloc=A&amp;output=embed\" width=\"250\" height=\"250\" frameborder=\"0\" marginwidth=\"0\" marginheight=\"0\" scrolling=\"no\"><\/iframe><br \/>\n<small><a style=\"color: #0000ff; text-align: left;\" href=\"http:\/\/maps.google.de\/maps?f=q&amp;source=embed&amp;hl=de&amp;geocode=&amp;q=Platz+der+Deutschen+Einheit,+Zeitz&amp;aq=0&amp;sll=51.056165,12.127748&amp;sspn=0.007324,0.026844&amp;vpsrc=0&amp;ie=UTF8&amp;hq=&amp;hnear=Platz+der+Deutschen+Einheit,+06712+Zeitz&amp;t=m&amp;ll=51.043984,12.156029&amp;spn=0.013491,0.021458&amp;z=14&amp;iwloc=A\">Gr\u00f6\u00dfere Kartenansicht<\/a><\/small><\/p>\n","protected":false},"excerpt":{"rendered":"<p>Sporthalle &#8211; Berufsschule Zeitz Gr\u00f6\u00dfere Kartenansicht &nbsp; Sporthalle &#8211; Platz der Deutschen Einheit Gr\u00f6\u00dfere Kartenansicht<\/p>\n","protected":false},"author":2,"featured_media":0,"parent":0,"menu_order":5,"comment_status":"closed","ping_status":"closed","template":"","meta":{"footnotes":""},"_links":{"self":[{"href":"https:\/\/www.sv-motor-zeitz-volleyball.de\/index.php?rest_route=\/wp\/v2\/pages\/82"}],"collection":[{"href":"https:\/\/www.sv-motor-zeitz-volleyball.de\/index.php?rest_route=\/wp\/v2\/pages"}],"about":[{"href":"https:\/\/www.sv-motor-zeitz-volleyball.de\/index.php?rest_route=\/wp\/v2\/types\/page"}],"author":[{"embeddable":true,"href":"https:\/\/www.sv-motor-zeitz-volleyball.de\/index.php?rest_route=\/wp\/v2\/users\/2"}],"replies":[{"embeddable":true,"href":"https:\/\/www.sv-motor-zeitz-volleyball.de\/index.php?rest_route=%2Fwp%2Fv2%2Fcomments&post=82"}],"version-history":[{"count":7,"href":"https:\/\/www.sv-motor-zeitz-volleyball.de\/index.php?rest_route=\/wp\/v2\/pages\/82\/revisions"}],"predecessor-version":[{"id":967,"href":"https:\/\/www.sv-motor-zeitz-volleyball.de\/index.php?rest_route=\/wp\/v2\/pages\/82\/revisions\/967"}],"wp:attachment":[{"href":"https:\/\/www.sv-motor-zeitz-volleyball.de\/index.php?rest_route=%2Fwp%2Fv2%2Fmedia&parent=82"}],"curies":[{"name":"wp","href":"https:\/\/api.w.org\/{rel}","templated":true}]}}